{"id":2197,"date":"2022-05-25T11:41:21","date_gmt":"2022-05-25T11:41:21","guid":{"rendered":"https:\/\/demos.ascendoor.com\/top-charity-pro\/?page_id=2197"},"modified":"2025-10-01T16:31:43","modified_gmt":"2025-10-01T21:31:43","slug":"acerca-de-nosotros","status":"publish","type":"page","link":"https:\/\/donaciones.jesuitas.org.co\/?page_id=2197","title":{"rendered":"Acerca de nosotros"},"content":{"rendered":"\n<h2 class=\"wp-block-heading has-text-align-center has-vivid-red-color has-text-color has-link-color wp-elements-06ee83d24a514c923f27fd49c232b5b4\">Nuestra Historia: Un legado de solidaridad y misi\u00f3n<\/h2>\n\n\n<div class=\"n2-section-smartslider fitvidsignore  n2_clear\" data-ssid=\"3\" tabindex=\"0\" role=\"region\" aria-label=\"Slider\"><div id=\"n2-ss-3-align\" class=\"n2-ss-align\"><div class=\"n2-padding\"><div id=\"n2-ss-3\" data-creator=\"Smart Slider 3\" data-responsive=\"fullwidth\" class=\"n2-ss-slider n2-ow n2-has-hover n2notransition  \">\n        <div class=\"n2-ss-slider-1 n2_ss__touch_element n2-ow\">\n            <div class=\"n2-ss-slider-2 n2-ow\">\n                                                <div class=\"n2-ss-slider-3 n2-ow\">\n\n                    <div class=\"n2-ss-slide-backgrounds n2-ow-all\"><div class=\"n2-ss-slide-background\" data-public-id=\"1\" data-mode=\"fill\"><div class=\"n2-ss-slide-background-image\" data-blur=\"0\" data-opacity=\"100\" data-x=\"50\" data-y=\"50\" data-alt=\"\" data-title=\"\"><picture class=\"skip-lazy\" data-skip-lazy=\"1\"><img decoding=\"async\" src=\"\/\/donaciones.jesuitas.org.co\/wp-content\/uploads\/slider\/cache\/a07475544d51a78035a66a414e55c6dd\/Banner.jpg\" alt=\"\" title=\"\" loading=\"lazy\" class=\"skip-lazy\" data-skip-lazy=\"1\"><\/picture><\/div><div data-color=\"RGBA(255,255,255,0)\" style=\"background-color: RGBA(255,255,255,0);\" class=\"n2-ss-slide-background-color\"><\/div><\/div><\/div>                    <div class=\"n2-ss-slider-4 n2-ow\">\n                        <svg xmlns=\"http:\/\/www.w3.org\/2000\/svg\" viewBox=\"0 0 1200 600\" data-related-device=\"desktopPortrait\" class=\"n2-ow n2-ss-preserve-size n2-ss-preserve-size--slider n2-ss-slide-limiter\"><\/svg><div data-first=\"1\" data-slide-duration=\"0\" data-id=\"64\" data-slide-public-id=\"1\" data-title=\"Banner\" class=\"n2-ss-slide n2-ow  n2-ss-slide-64\"><div role=\"note\" class=\"n2-ss-slide--focus\" tabindex=\"-1\">Banner<\/div><div class=\"n2-ss-layers-container n2-ss-slide-limiter n2-ow\"><div class=\"n2-ss-layer n2-ow n-uc-uSstCepsIWdn\" data-sstype=\"slide\" data-pm=\"default\"><\/div><\/div><\/div>                    <\/div>\n\n                                    <\/div>\n            <\/div>\n        <\/div>\n        <\/div><ss3-loader><\/ss3-loader><\/div><\/div><div class=\"n2_clear\"><\/div><\/div>\n\n\n<p class=\"has-slightly-large-font-size\">En junio de 2024, la solidaridad jesuita en Colombia dio un nuevo paso con la creaci\u00f3n de la <strong>Oficina de Desarrollo Amar y Servir<\/strong>. Esta iniciativa no surge de la nada, sino que es la continuaci\u00f3n de una profunda tradici\u00f3n de recaudaci\u00f3n de fondos en la Provincia.<\/p>\n\n\n\n<p class=\"has-slightly-large-font-size\">Nuestra historia se remonta a <strong>2004<\/strong>, cuando naci\u00f3 la <strong>Fundaci\u00f3n Amar y Servir<\/strong> con el prop\u00f3sito de movilizar recursos para los centros sociales de las obras jesuitas en Colombia. Tras m\u00e1s de una d\u00e9cada de impacto, la fundaci\u00f3n cerr\u00f3 debido a cambios en la normativa para entidades sin \u00e1nimo de lucro.<\/p>\n\n\n\n<p class=\"has-slightly-large-font-size\">Pero la misi\u00f3n de solidaridad jesuita va mucho m\u00e1s all\u00e1. Durante m\u00e1s de <strong>400 a\u00f1os<\/strong>, la Compa\u00f1\u00eda de Jes\u00fas ha trabajado incansablemente por una <strong>Colombia m\u00e1s justa y reconciliada<\/strong> a trav\u00e9s de sus colegios, universidades, programas sociales y centros de espiritualidad.<\/p>\n\n\n\n<p class=\"has-slightly-large-font-size\">Nuestra vocaci\u00f3n de servicio tiene ra\u00edces a\u00fan m\u00e1s profundas. Desde el siglo XVI, los jesuitas han movilizado recursos para su misi\u00f3n. <strong>San Ignacio de Loyola escrib\u00eda cartas buscando apoyo para el apostolado educativo, mientras que San Francisco Javier recorr\u00eda Asia llevando un mensaje de fe y justicia.<\/strong> Gracias a la generosidad de benefactores, la Compa\u00f1\u00eda de Jes\u00fas ha extendido su labor en Colombia y el mundo.<\/p>\n\n\n\n<p class=\"has-slightly-large-font-size\">La <strong>Oficina de Desarrollo Amar y Servir<\/strong> nace de esta historia y tradici\u00f3n. Nuestro compromiso es honrar este legado y hacerlo crecer, movilizando recursos para fortalecer la misi\u00f3n jesuita en nuestro pa\u00eds<strong>.<\/strong><\/p>\n\n\n\n<p><\/p>\n\n\n\n<h2 class=\"wp-block-heading has-text-align-center has-vivid-red-color has-text-color has-link-color wp-elements-23b70b1ba0b344dc41f608dbef191957\">Lo que nos inspira<\/h2>\n\n\n\n<div class=\"wp-block-columns alignwide is-layout-flex wp-container-core-columns-is-layout-d2da2050 wp-block-columns-is-layout-flex\" style=\"margin-bottom:0\">\n<div class=\"wp-block-column has-border-color has-white-border-color has-light-background-color has-text-color has-background has-link-color wp-elements-c4493b61c91f636cd032f303a0ebb728 is-layout-flow wp-container-core-column-is-layout-886683e4 wp-block-column-is-layout-flow\" style=\"border-width:6px;color:#000000;padding-top:2.1em;padding-right:2em;padding-bottom:2.1em;padding-left:2em\">\n<h3 class=\"wp-block-heading has-vivid-red-color has-text-color has-link-color has-very-large-font-size wp-elements-5634db5c5435f17ebf88310db56ce4ab\" id=\"single\"><strong>Nuestra Misi\u00f3n <\/strong><\/h3>\n\n\n\n<p class=\"has-normal-font-size\" style=\"line-height:1.5\"><\/p>\n\n\n\n<hr class=\"wp-block-separator has-text-color has-css-opacity has-background is-style-wide\" style=\"background-color:#000000;color:#000000\"\/>\n\n\n\n<p class=\"has-black-color has-text-color has-link-color has-slightly-large-font-size wp-elements-3e87a0849e6053c81fa096ce29b73e61\" style=\"border-style:none;border-width:0px\">Captar recursos para fortalecer el cuerpo y la misi\u00f3n apost\u00f3lica de la Compa\u00f1\u00eda de Jes\u00fas en Colombia.<\/p>\n\n\n\n<div class=\"wp-block-buttons alignfull is-horizontal is-content-justification-center is-layout-flex wp-container-core-buttons-is-layout-03627597 wp-block-buttons-is-layout-flex\"><\/div>\n<\/div>\n\n\n\n<div class=\"wp-block-column has-border-color has-white-border-color has-light-background-color has-text-color has-background has-link-color wp-elements-0570d0f79d50f9f5f818ff7f7f520a0f is-layout-flow wp-block-column-is-layout-flow\" style=\"border-width:6px;color:#000000;padding-top:2em;padding-right:2em;padding-bottom:2em;padding-left:2em\">\n<h3 class=\"wp-block-heading has-vivid-red-color has-text-color has-link-color has-very-large-font-size wp-elements-e3e906b57b38c63f1c45f747657a9649\" id=\"family\"><strong>Nuestra Visi\u00f3n <\/strong><\/h3>\n\n\n\n<p class=\"has-normal-font-size\" style=\"line-height:1.5\"><\/p>\n\n\n\n<hr class=\"wp-block-separator has-text-color has-foreground-color has-alpha-channel-opacity has-foreground-background-color has-background is-style-wide\"\/>\n\n\n\n<p class=\"has-black-color has-text-color has-link-color has-slightly-large-font-size wp-elements-b567952c2983ebcbef7cd7615420f956\">En 2030, habremos consolidado una red de aliados y donantes<strong> <\/strong>tanto locales como internacionales, que contribuyan con la sostenibilidad institucional y financiera de la Compa\u00f1\u00eda de Jes\u00fas en Colombia y sus obras apost\u00f3licas.<\/p>\n\n\n\n<p class=\"has-black-color has-text-color has-link-color wp-elements-9ac00cf961d1ea846fe5a532228b76c6\"><\/p>\n<\/div>\n\n\n\n<div class=\"wp-block-column has-border-color has-white-border-color has-light-background-color has-text-color has-background has-link-color wp-elements-0675a129f90166102f4708ec5a9047eb is-layout-flow wp-block-column-is-layout-flow\" style=\"border-width:6px;color:#000000;padding-top:2em;padding-right:2em;padding-bottom:2em;padding-left:2em\">\n<h3 class=\"wp-block-heading has-vivid-red-color has-text-color has-link-color has-very-large-font-size wp-elements-1e53bbaebc4db12af44e02a2068911c3\" id=\"family\"><strong>Marco<\/strong><\/h3>\n\n\n\n<p class=\"has-normal-font-size\" style=\"line-height:1.5\"><\/p>\n\n\n\n<hr class=\"wp-block-separator has-text-color has-foreground-color has-alpha-channel-opacity has-foreground-background-color has-background is-style-wide\"\/>\n\n\n\n<p class=\"has-black-color has-text-color has-link-color has-slightly-large-font-size wp-elements-23318aa0025702072f30673fcd54fd39\">El trabajo de la Oficina de Desarrollo, se encuentra inspirado en un \u00e1mbito global, regional y local,  a trav\u00e9s de:<\/p>\n\n\n\n<p class=\"has-black-color has-text-color has-link-color has-slightly-large-font-size wp-elements-a386d68ff08e8e934a6cae7b881300af\">-Preferencias Apost\u00f3licas Universales- PAU-<\/p>\n\n\n\n<p class=\"has-black-color has-text-color has-link-color has-slightly-large-font-size wp-elements-2ec779d040ee49e17200900c70307c8d\">-Proyecto Apost\u00f3lico Com\u00fan -PAC 2-<\/p>\n\n\n\n<p class=\"has-black-color has-text-color has-link-color has-slightly-large-font-size wp-elements-7aee69f7477241656ab870d40507247e\">-Plan Apost\u00f3lico de Provincia -PAP-<\/p>\n\n\n\n<ul class=\"wp-block-list\">\n<li><\/li>\n<\/ul>\n<\/div>\n<\/div>\n\n\n\n<p><\/p>\n","protected":false},"excerpt":{"rendered":"<p>Nuestra Historia: Un legado de solidaridad y misi\u00f3n En junio de 2024, la solidaridad jesuita en Colombia dio un nuevo paso con la creaci\u00f3n de la Oficina de Desarrollo Amar y Servir. Esta iniciativa no surge de la nada, sino que es la continuaci\u00f3n de una profunda tradici\u00f3n de recaudaci\u00f3n de fondos en la Provincia&#8230;.<\/p>\n","protected":false},"author":1,"featured_media":2202,"parent":0,"menu_order":0,"comment_status":"closed","ping_status":"closed","template":"","meta":{"footnotes":""},"class_list":["post-2197","page","type-page","status-publish","has-post-thumbnail","hentry"],"_links":{"self":[{"href":"https:\/\/donaciones.jesuitas.org.co\/index.php?rest_route=\/wp\/v2\/pages\/2197","targetHints":{"allow":["GET"]}}],"collection":[{"href":"https:\/\/donaciones.jesuitas.org.co\/index.php?rest_route=\/wp\/v2\/pages"}],"about":[{"href":"https:\/\/donaciones.jesuitas.org.co\/index.php?rest_route=\/wp\/v2\/types\/page"}],"author":[{"embeddable":true,"href":"https:\/\/donaciones.jesuitas.org.co\/index.php?rest_route=\/wp\/v2\/users\/1"}],"replies":[{"embeddable":true,"href":"https:\/\/donaciones.jesuitas.org.co\/index.php?rest_route=%2Fwp%2Fv2%2Fcomments&post=2197"}],"version-history":[{"count":56,"href":"https:\/\/donaciones.jesuitas.org.co\/index.php?rest_route=\/wp\/v2\/pages\/2197\/revisions"}],"predecessor-version":[{"id":5841,"href":"https:\/\/donaciones.jesuitas.org.co\/index.php?rest_route=\/wp\/v2\/pages\/2197\/revisions\/5841"}],"wp:featuredmedia":[{"embeddable":true,"href":"https:\/\/donaciones.jesuitas.org.co\/index.php?rest_route=\/"}],"wp:attachment":[{"href":"https:\/\/donaciones.jesuitas.org.co\/index.php?rest_route=%2Fwp%2Fv2%2Fmedia&parent=2197"}],"curies":[{"name":"wp","href":"https:\/\/api.w.org\/{rel}","templated":true}]}}