{"id":3467,"date":"2025-02-23T21:08:26","date_gmt":"2025-02-24T02:08:26","guid":{"rendered":"https:\/\/donaciones-test.jesuitas.org.co\/?page_id=3467"},"modified":"2026-02-03T10:49:09","modified_gmt":"2026-02-03T15:49:09","slug":"shop","status":"publish","type":"page","link":"https:\/\/donaciones.jesuitas.org.co\/?page_id=3467","title":{"rendered":"Formaci\u00f3n Jesuita"},"content":{"rendered":"\n<h2 class=\"wp-block-heading has-text-align-center has-vivid-red-color has-text-color has-link-color wp-elements-cc6c2188ba060a85b03130e8cdc4ab80\">Formaci\u00f3n Jesuita<\/h2>\n\n\n<div class=\"n2-section-smartslider fitvidsignore  n2_clear\" data-ssid=\"17\"><div id=\"n2-ss-17-align\" class=\"n2-ss-align\"><div class=\"n2-padding\"><div id=\"n2-ss-17\" data-creator=\"Smart Slider 3\" data-responsive=\"auto\" class=\"n2-ss-slider n2-ow n2-has-hover n2notransition  \"><div class=\"n2-ss-slider-wrapper-inside\">\n        <div class=\"n2-ss-slider-1 n2_ss__touch_element n2-ow\">\n            <div class=\"n2-ss-slider-2 n2-ow\">\n                                                <div class=\"n2-ss-slider-3 n2-ow\">\n\n                    <div class=\"n2-ss-slide-backgrounds n2-ow-all\"><div class=\"n2-ss-slide-background\" data-public-id=\"1\" data-mode=\"fill\"><div class=\"n2-ss-slide-background-image\" data-blur=\"0\" data-opacity=\"100\" data-x=\"50\" data-y=\"50\" data-alt=\"\" data-title=\"\"><picture class=\"skip-lazy\" data-skip-lazy=\"1\"><img decoding=\"async\" src=\"\/\/donaciones.jesuitas.org.co\/wp-content\/uploads\/2025\/08\/Captura-de-pantalla-2025-08-29-115030.jpg\" alt=\"\" title=\"\" loading=\"lazy\" class=\"skip-lazy\" data-skip-lazy=\"1\"><\/picture><\/div><div data-color=\"RGBA(255,255,255,0)\" style=\"background-color: RGBA(255,255,255,0);\" class=\"n2-ss-slide-background-color\"><\/div><\/div><div class=\"n2-ss-slide-background\" data-public-id=\"2\" data-mode=\"fill\" aria-hidden=\"true\"><div class=\"n2-ss-slide-background-image\" data-blur=\"0\" data-opacity=\"100\" data-x=\"49\" data-y=\"28\" data-alt=\"\" data-title=\"\" style=\"--ss-o-pos-x:49%;--ss-o-pos-y:28%\"><picture class=\"skip-lazy\" data-skip-lazy=\"1\"><img decoding=\"async\" src=\"\/\/donaciones.jesuitas.org.co\/wp-content\/uploads\/2025\/09\/Miniatura-2.jpg\" alt=\"\" title=\"\" loading=\"lazy\" class=\"skip-lazy\" data-skip-lazy=\"1\"><\/picture><\/div><div data-color=\"RGBA(255,255,255,0)\" style=\"background-color: RGBA(255,255,255,0);\" class=\"n2-ss-slide-background-color\"><\/div><\/div><div class=\"n2-ss-slide-background\" data-public-id=\"3\" data-mode=\"fill\" aria-hidden=\"true\"><div class=\"n2-ss-slide-background-image\" data-blur=\"0\" data-opacity=\"100\" data-x=\"50\" data-y=\"50\" data-alt=\"\" data-title=\"\"><picture class=\"skip-lazy\" data-skip-lazy=\"1\"><img decoding=\"async\" src=\"\/\/donaciones.jesuitas.org.co\/wp-content\/uploads\/2025\/08\/MiniaturaBlogFormacion.png\" alt=\"\" title=\"\" loading=\"lazy\" class=\"skip-lazy\" data-skip-lazy=\"1\"><\/picture><\/div><div data-color=\"RGBA(255,255,255,0)\" style=\"background-color: RGBA(255,255,255,0);\" class=\"n2-ss-slide-background-color\"><\/div><\/div><\/div>                    <div class=\"n2-ss-slider-4 n2-ow\">\n                        <svg xmlns=\"http:\/\/www.w3.org\/2000\/svg\" viewBox=\"0 0 1200 600\" data-related-device=\"desktopPortrait\" class=\"n2-ow n2-ss-preserve-size n2-ss-preserve-size--slider n2-ss-slide-limiter\"><\/svg><div data-first=\"1\" data-slide-duration=\"0\" data-id=\"42\" data-slide-public-id=\"1\" data-title=\"Captura de pantalla 2025-08-29 115030\" class=\"n2-ss-slide n2-ow  n2-ss-slide-42\"><div role=\"note\" class=\"n2-ss-slide--focus\" tabindex=\"-1\">Captura de pantalla 2025-08-29 115030<\/div><div class=\"n2-ss-layers-container n2-ss-slide-limiter n2-ow\"><div class=\"n2-ss-layer n2-ow n-uc-1V1Erml5QY4u\" data-sstype=\"slide\" data-pm=\"default\"><\/div><\/div><\/div><div data-slide-duration=\"0\" data-id=\"44\" data-slide-public-id=\"2\" aria-hidden=\"true\" data-title=\"Captura de pantalla 2025-08-29 114927\" class=\"n2-ss-slide n2-ow  n2-ss-slide-44\"><div role=\"note\" class=\"n2-ss-slide--focus\" tabindex=\"-1\">Captura de pantalla 2025-08-29 114927<\/div><div class=\"n2-ss-layers-container n2-ss-slide-limiter n2-ow\"><div class=\"n2-ss-layer n2-ow n-uc-CyU9ytOOZYWZ\" data-sstype=\"slide\" data-pm=\"default\"><\/div><\/div><\/div><div data-slide-duration=\"0\" data-id=\"45\" data-slide-public-id=\"3\" aria-hidden=\"true\" data-title=\"MiniaturaBlogFormaci\u00f3n\" class=\"n2-ss-slide n2-ow  n2-ss-slide-45\"><div role=\"note\" class=\"n2-ss-slide--focus\" tabindex=\"-1\">MiniaturaBlogFormaci\u00f3n<\/div><div class=\"n2-ss-layers-container n2-ss-slide-limiter n2-ow\"><div class=\"n2-ss-layer n2-ow n-uc-41eIA0VMQf7o\" data-sstype=\"slide\" data-pm=\"default\"><\/div><\/div><\/div>                    <\/div>\n\n                                    <\/div>\n            <\/div>\n        <\/div>\n        <div class=\"n2-ss-slider-controls n2-ss-slider-controls-absolute-left-center\"><div style=\"--widget-offset:15px;\" class=\"n2-ss-widget nextend-arrow n2-ow-all nextend-arrow-previous  nextend-arrow-animated-fade\" data-hide-mobileportrait=\"1\" id=\"n2-ss-17-arrow-previous\" role=\"button\" aria-label=\"previous arrow\" tabindex=\"0\"><img loading=\"lazy\" decoding=\"async\" width=\"32\" height=\"32\" class=\"skip-lazy\" data-skip-lazy=\"1\" src=\"data:image\/svg+xml;base64,PHN2ZyB3aWR0aD0iMzIiIGhlaWdodD0iMzIiIHZpZXdCb3g9IjAgMCAzMiAzMiIgeG1sbnM9Imh0dHA6Ly93d3cudzMub3JnLzIwMDAvc3ZnIj4KICAgIDxwYXRoIGQ9Ik0xMS40MzMgMTUuOTkyTDIyLjY5IDUuNzEyYy4zOTMtLjM5LjM5My0xLjAzIDAtMS40Mi0uMzkzLS4zOS0xLjAzLS4zOS0xLjQyMyAwbC0xMS45OCAxMC45NGMtLjIxLjIxLS4zLjQ5LS4yODUuNzYtLjAxNS4yOC4wNzUuNTYuMjg0Ljc3bDExLjk4IDEwLjk0Yy4zOTMuMzkgMS4wMy4zOSAxLjQyNCAwIC4zOTMtLjQuMzkzLTEuMDMgMC0xLjQybC0xMS4yNTctMTAuMjkiCiAgICAgICAgICBmaWxsPSIjZmZmZmZmIiBvcGFjaXR5PSIwLjgiIGZpbGwtcnVsZT0iZXZlbm9kZCIvPgo8L3N2Zz4=\" alt=\"previous arrow\"><\/div><\/div><div class=\"n2-ss-slider-controls n2-ss-slider-controls-absolute-right-center\"><div style=\"--widget-offset:15px;\" class=\"n2-ss-widget nextend-arrow n2-ow-all nextend-arrow-next  nextend-arrow-animated-fade\" data-hide-mobileportrait=\"1\" id=\"n2-ss-17-arrow-next\" role=\"button\" aria-label=\"next arrow\" tabindex=\"0\"><img loading=\"lazy\" decoding=\"async\" width=\"32\" height=\"32\" class=\"skip-lazy\" data-skip-lazy=\"1\" src=\"data:image\/svg+xml;base64,PHN2ZyB3aWR0aD0iMzIiIGhlaWdodD0iMzIiIHZpZXdCb3g9IjAgMCAzMiAzMiIgeG1sbnM9Imh0dHA6Ly93d3cudzMub3JnLzIwMDAvc3ZnIj4KICAgIDxwYXRoIGQ9Ik0xMC43MjIgNC4yOTNjLS4zOTQtLjM5LTEuMDMyLS4zOS0xLjQyNyAwLS4zOTMuMzktLjM5MyAxLjAzIDAgMS40MmwxMS4yODMgMTAuMjgtMTEuMjgzIDEwLjI5Yy0uMzkzLjM5LS4zOTMgMS4wMiAwIDEuNDIuMzk1LjM5IDEuMDMzLjM5IDEuNDI3IDBsMTIuMDA3LTEwLjk0Yy4yMS0uMjEuMy0uNDkuMjg0LS43Ny4wMTQtLjI3LS4wNzYtLjU1LS4yODYtLjc2TDEwLjcyIDQuMjkzeiIKICAgICAgICAgIGZpbGw9IiNmZmZmZmYiIG9wYWNpdHk9IjAuOCIgZmlsbC1ydWxlPSJldmVub2RkIi8+Cjwvc3ZnPg==\" alt=\"next arrow\"><\/div><\/div><\/div><\/div><ss3-loader><\/ss3-loader><\/div><\/div><div class=\"n2_clear\"><\/div><\/div>\n\n\n<p class=\"has-slightly-large-font-size\">El camino de formaci\u00f3n de un jesuita es una experiencia profunda de dedicaci\u00f3n, servicio y transformaci\u00f3n. A trav\u00e9s de una educaci\u00f3n integral y los Ejercicios Espirituales, cada sacerdote o hermano se prepara para servir con amor y compromiso en una Colombia diversa y en constante cambio.<\/p>\n\n\n\n<p class=\"has-slightly-large-font-size\">Formar a un jesuita requiere una inversi\u00f3n significativa: hoy, cada uno necesita alrededor de&nbsp;<strong>$53.000.000  al a\u00f1o<\/strong>, en un proceso que puede extenderse por m\u00e1s de&nbsp;<strong>10 a\u00f1os<\/strong>. Este camino no solo fortalece su vocaci\u00f3n, sino que los prepara&nbsp;<strong>acad\u00e9mica, pastoral y humanamente<\/strong>&nbsp;para afrontar los desaf\u00edos de nuestro mundo.<\/p>\n\n\n\n<p class=\"has-slightly-large-font-size\">Desde el noviciado hasta los estudios especializados, la Compa\u00f1\u00eda de Jes\u00fas cubre todos los costos relacionados con&nbsp;<strong>educaci\u00f3n, salud, vivienda y manutenci\u00f3n<\/strong>, gracias a la generosidad de personas que, como t\u00fa, creen en la importancia de formar l\u00edderes profundamente comprometidos con la fe y la justicia.<\/p>\n\n\n\n<h3 class=\"wp-block-heading has-text-align-center has-vivid-red-color has-text-color has-link-color wp-elements-579bf82df6b4717d45f3b51cc0ff06db\">Etapas de Formaci\u00f3n <\/h3>\n\n\n<div class=\"n2-section-smartslider fitvidsignore  n2_clear\" data-ssid=\"20\"><div id=\"n2-ss-20-align\" class=\"n2-ss-align\"><div class=\"n2-padding\"><div id=\"n2-ss-20\" data-creator=\"Smart Slider 3\" data-responsive=\"auto\" class=\"n2-ss-slider n2-ow n2-has-hover n2notransition  \">\n        <div class=\"n2-ss-slider-1 n2-ow\">\n            <div class=\"n2-ss-slider-2 n2-ow\">\n                <div class=\"n2-ss-slide-backgrounds n2-ow-all\"><div class=\"n2-ss-slide-background\" data-public-id=\"1\" data-mode=\"fill\"><div class=\"n2-ss-slide-background-image\" data-blur=\"0\" data-opacity=\"100\" data-x=\"50\" data-y=\"50\" data-alt=\"\" data-title=\"\"><picture class=\"skip-lazy\" data-skip-lazy=\"1\"><img decoding=\"async\" src=\"\/\/donaciones.jesuitas.org.co\/wp-content\/uploads\/2025\/10\/Infografia_V1-2.png\" alt=\"\" title=\"\" loading=\"lazy\" class=\"skip-lazy\" data-skip-lazy=\"1\"><\/picture><\/div><div data-color=\"RGBA(255,255,255,0)\" style=\"background-color: RGBA(255,255,255,0);\" class=\"n2-ss-slide-background-color\"><\/div><\/div><\/div>                <div class=\"n2-ss-slider-3 n2-ow\">\n                    <svg xmlns=\"http:\/\/www.w3.org\/2000\/svg\" viewBox=\"0 0 800 700\" data-related-device=\"desktopPortrait\" class=\"n2-ow n2-ss-preserve-size n2-ss-preserve-size--slider n2-ss-slide-limiter\"><\/svg><div data-first=\"1\" data-slide-duration=\"0\" data-id=\"65\" data-slide-public-id=\"1\" data-title=\"Infografia_V1-2\" class=\"n2-ss-slide n2-ow  n2-ss-slide-65\"><div role=\"note\" class=\"n2-ss-slide--focus\" tabindex=\"-1\">Infografia_V1-2<\/div><div class=\"n2-ss-layers-container n2-ss-slide-limiter n2-ow\"><div class=\"n2-ss-layer n2-ow n-uc-5ZqrnFN60dBa\" data-sstype=\"slide\" data-pm=\"default\"><\/div><\/div><\/div>                <\/div>\n                            <\/div>\n        <\/div>\n        <\/div><ss3-loader><\/ss3-loader><\/div><\/div><div class=\"n2_clear\"><\/div><\/div>\n\n\n<h4 class=\"wp-block-heading\"><strong>1. Noviciado<\/strong><\/h4>\n\n\n\n<p class=\"has-slightly-large-font-size\">Durante dos a\u00f1os, el novicio vive una intensa experiencia espiritual, comunitaria y apost\u00f3lica. Es un tiempo para&nbsp;<strong>conocer a Jes\u00fas, amarlo y seguirlo<\/strong>, y comprender el modo de proceder de la Compa\u00f1\u00eda de Jes\u00fas. Al finalizar esta etapa, los jesuitas hacen sus primeros votos de&nbsp;<strong>pobreza, castidad y obediencia<\/strong>, y definen si su camino ser\u00e1 como sacerdote o hermano jesuita.<\/p>\n\n\n\n<h4 class=\"wp-block-heading\"><strong>2. Estudios en Humanidades y Filosof\u00eda<\/strong><\/h4>\n\n\n\n<p class=\"has-slightly-large-font-size\">Con una duraci\u00f3n de 3 a 5 a\u00f1os, esta etapa abre a los jesuitas al mundo de las&nbsp;<strong>humanidades (literatura, arte, historia, idiomas)<\/strong>, cultivando la sensibilidad hacia la diversidad humana. La&nbsp;<strong>filosof\u00eda<\/strong>&nbsp;les permite desarrollar una mirada cr\u00edtica y dialogante, integrando raz\u00f3n y fe frente a las grandes preguntas de nuestro tiempo.<\/p>\n\n\n\n<p class=\"has-slightly-large-font-size\">Durante este per\u00edodo tambi\u00e9n participan en labores pastorales y apost\u00f3licas, acerc\u00e1ndose especialmente a quienes viven en situaciones de pobreza o exclusi\u00f3n.<\/p>\n\n\n\n<h4 class=\"wp-block-heading\"><strong>3. Magisterio<\/strong><\/h4>\n\n\n\n<p class=\"has-slightly-large-font-size\">El Magisterio es una etapa de servicio y aprendizaje pastoral, en la que los jesuitas trabajan en obras apost\u00f3licas de la Compa\u00f1\u00eda. A trav\u00e9s de la colaboraci\u00f3n con los laicos y comunidades, fortalecen su vocaci\u00f3n y experimentan la vida del cuerpo apost\u00f3lico.<\/p>\n\n\n\n<h4 class=\"wp-block-heading\"><strong>4. Estudios en Teolog\u00eda<\/strong><\/h4>\n\n\n\n<p class=\"has-slightly-large-font-size\">En esta etapa, los jesuitas profundizan en&nbsp;<strong>el ministerio de Dios en Jes\u00fas y la tradici\u00f3n de la Iglesia Cat\u00f3lica<\/strong>, con el objetivo de fortalecer los fundamentos de la fe para una evangelizaci\u00f3n s\u00f3lida y el compromiso con una sociedad m\u00e1s justa.<\/p>\n\n\n\n<p class=\"has-slightly-large-font-size\">Aqu\u00ed consolidan su identidad cristiana y jesu\u00edtica, y quienes optan por el sacerdocio se preparan para recibir la ordenaci\u00f3n.<\/p>\n\n\n\n<h4 class=\"wp-block-heading\"><strong>5. Estudios Especiales<\/strong><\/h4>\n\n\n\n<p class=\"has-slightly-large-font-size\">Algunos jesuitas contin\u00faan su formaci\u00f3n con&nbsp;<strong>maestr\u00edas o doctorados<\/strong>, seg\u00fan las necesidades de la misi\u00f3n. As\u00ed adquieren herramientas para asumir roles de liderazgo en la educaci\u00f3n, la espiritualidad, el acompa\u00f1amiento social o el gobierno de obras.<\/p>\n\n\n\n<p class=\"has-slightly-large-font-size\">Gracias a tu apoyo, podemos seguir formando jesuitas que servir\u00e1n con entrega en colegios, universidades, parroquias, comunidades y obras sociales, tocando e inspirando la vida de miles de personas.<\/p>\n\n\n\n<h3 class=\"wp-block-heading has-large-medium-font-size\">\ud83d\udc99Dona ahora y apoya su vocaci\u00f3n <\/h3>\n\n\n\n<p class=\"has-slightly-large-font-size\">Tu generosidad hace posible una Iglesia m\u00e1s preparada, humana y comprometida.<\/p>\n\n\n\n<div class=\"wp-block-buttons is-layout-flex wp-block-buttons-is-layout-flex\">\n<div class=\"wp-block-button\"><a class=\"wp-block-button__link wp-element-button\" href=\"https:\/\/aportes.jesuitas.org.co\/donacion-formacionjesuita\" style=\"border-radius:8px\">Quiero Apoyar \ud83e\udd0d<\/a><\/div>\n<\/div>\n\n\n\n<p><\/p>\n","protected":false},"excerpt":{"rendered":"<p>Formaci\u00f3n Jesuita El camino de formaci\u00f3n de un jesuita es una experiencia profunda de dedicaci\u00f3n, servicio y transformaci\u00f3n. A trav\u00e9s de una educaci\u00f3n integral y los Ejercicios Espirituales, cada sacerdote o hermano se prepara para servir con amor y compromiso en una Colombia diversa y en constante cambio. Formar a un jesuita requiere una inversi\u00f3n&#8230;<\/p>\n","protected":false},"author":1,"featured_media":3727,"parent":0,"menu_order":0,"comment_status":"closed","ping_status":"closed","template":"","meta":{"footnotes":""},"class_list":["post-3467","page","type-page","status-publish","has-post-thumbnail","hentry"],"_links":{"self":[{"href":"https:\/\/donaciones.jesuitas.org.co\/index.php?rest_route=\/wp\/v2\/pages\/3467","targetHints":{"allow":["GET"]}}],"collection":[{"href":"https:\/\/donaciones.jesuitas.org.co\/index.php?rest_route=\/wp\/v2\/pages"}],"about":[{"href":"https:\/\/donaciones.jesuitas.org.co\/index.php?rest_route=\/wp\/v2\/types\/page"}],"author":[{"embeddable":true,"href":"https:\/\/donaciones.jesuitas.org.co\/index.php?rest_route=\/wp\/v2\/users\/1"}],"replies":[{"embeddable":true,"href":"https:\/\/donaciones.jesuitas.org.co\/index.php?rest_route=%2Fwp%2Fv2%2Fcomments&post=3467"}],"version-history":[{"count":22,"href":"https:\/\/donaciones.jesuitas.org.co\/index.php?rest_route=\/wp\/v2\/pages\/3467\/revisions"}],"predecessor-version":[{"id":5887,"href":"https:\/\/donaciones.jesuitas.org.co\/index.php?rest_route=\/wp\/v2\/pages\/3467\/revisions\/5887"}],"wp:featuredmedia":[{"embeddable":true,"href":"https:\/\/donaciones.jesuitas.org.co\/index.php?rest_route=\/wp\/v2\/media\/3727"}],"wp:attachment":[{"href":"https:\/\/donaciones.jesuitas.org.co\/index.php?rest_route=%2Fwp%2Fv2%2Fmedia&parent=3467"}],"curies":[{"name":"wp","href":"https:\/\/api.w.org\/{rel}","templated":true}]}}