{"id":3974,"date":"2025-05-06T16:18:04","date_gmt":"2025-05-06T21:18:04","guid":{"rendered":"https:\/\/donaciones-test.jesuitas.org.co\/?page_id=3974"},"modified":"2026-02-03T11:15:13","modified_gmt":"2026-02-03T16:15:13","slug":"apostolado-educativo","status":"publish","type":"page","link":"https:\/\/donaciones.jesuitas.org.co\/?page_id=3974","title":{"rendered":"Apostolado Educativo"},"content":{"rendered":"\n<h2 class=\"wp-block-heading has-text-align-center has-vivid-red-color has-text-color has-link-color wp-elements-ccd6d10f797b55a6be9f111d9e539154\">Misi\u00f3n Educativa <\/h2>\n\n\n\n<p class=\"has-slightly-large-font-size\">Desde la llegada de los primeros misioneros jesuitas al pa\u00eds, la educaci\u00f3n ha sido una de las misiones fundamentales confiadas a la Compa\u00f1\u00eda de Jes\u00fas. A lo largo de los siglos, se han fundado instituciones educativas inspiradas en el modelo pedag\u00f3gico Ignaciano, con el prop\u00f3sito de<strong> <\/strong>formar hombres y mujeres \u201cpara los dem\u00e1s\u201d: personas responsables de s\u00ed mismas y del mundo que las rodea, comprometidas con la construcci\u00f3n de una sociedad m\u00e1s<strong> <\/strong>fraterna y justa.<\/p>\n\n\n\n<p class=\"has-slightly-large-font-size\">Hoy, la<strong> <\/strong>Provincia Colombiana contin\u00faa esta misi\u00f3n a trav\u00e9s de diversas obras educativas, entre las que se destacan:<\/p>\n\n\n\n<ul class=\"wp-block-list\">\n<li class=\"has-slightly-large-font-size\">9 colegios miembros de la Asociaci\u00f3n de Colegios Jesuitas de Colombia (<strong><a href=\"https:\/\/acodesi.co\/\" target=\"_blank\" rel=\"noreferrer noopener\">ACODESI<\/a><\/strong>), presentes en diferentes regiones del pa\u00eds:\n<ul class=\"wp-block-list\">\n<li><strong><a href=\"https:\/\/colsanjose.edu.co\/es\/\" target=\"_blank\" rel=\"noreferrer noopener\">San Jos\u00e9<\/a><\/strong>-Barranquilla<\/li>\n\n\n\n<li><strong><a href=\"https:\/\/colsanpedro.com\" target=\"_blank\" rel=\"noreferrer noopener\">San Pedro Claver<\/a><\/strong>-Bucaramanga<\/li>\n\n\n\n<li><strong><a href=\"https:\/\/sanignacio.edu.co\" target=\"_blank\" rel=\"noreferrer noopener\">San Ignacio de Loyola<\/a><\/strong>&#8211; Medell\u00edn<\/li>\n\n\n\n<li><strong><a href=\"https:\/\/www.sanluisgonzaga.edu.co\/\" target=\"_blank\" rel=\"noreferrer noopener\">San Luis Gonzaga<\/a><\/strong>&#8211; Manizales<\/li>\n\n\n\n<li><strong><a href=\"https:\/\/sanbartolo.edu.co\/\" target=\"_blank\" rel=\"noreferrer noopener\">San Bartolom\u00e9 la Merced<\/a><\/strong>&#8211; Bogot\u00e1<\/li>\n\n\n\n<li><a href=\"https:\/\/www.sanbartolome.edu.co\" target=\"_blank\" rel=\"noreferrer noopener\"><strong>Mayor de San Bartolom\u00e9<\/strong><\/a>&#8211; Bogot\u00e1<\/li>\n\n\n\n<li><strong><a href=\"https:\/\/colegiosantaluisa.edu.co\/\" target=\"_blank\" rel=\"noreferrer noopener\">Santa Luisa<\/a><\/strong>&#8211; Bogot\u00e1<\/li>\n\n\n\n<li><strong><a href=\"https:\/\/berchmans.edu.co\/\" target=\"_blank\" rel=\"noreferrer noopener\">Berchmans<\/a><\/strong>&#8211; Cali<\/li>\n\n\n\n<li><strong><a href=\"https:\/\/www.javeriano.edu.co\" target=\"_blank\" rel=\"noreferrer noopener\">San Francisco Javier<\/a><\/strong>-Pasto<\/li>\n<\/ul>\n<\/li>\n\n\n\n<li class=\"has-slightly-large-font-size\">La<a href=\"https:\/\/www.javeriana.edu.co\/inicio\" target=\"_blank\" rel=\"noreferrer noopener\"> <strong>Pontificia Universidad Javeriana<\/strong><\/a>, con sedes en <a href=\"https:\/\/www.javeriana.edu.co\/inicio\" target=\"_blank\" rel=\"noreferrer noopener\"><strong>Bogot\u00e1<\/strong> <\/a>y <a href=\"https:\/\/www.javerianacali.edu.co\/\" target=\"_blank\" rel=\"noreferrer noopener\"><strong>Cali<\/strong><\/a>, reconocida por su excelencia acad\u00e9mica y su compromiso con el desarrollo humano integral.<\/li>\n\n\n\n<li class=\"has-slightly-large-font-size\">El programa de Educaci\u00f3n Popular <a href=\"https:\/\/www.feyalegria.org.co\/\" target=\"_blank\" rel=\"noreferrer noopener\"> <strong>Fe y Alegr\u00eda Colombia<\/strong><\/a>, que promueve una educaci\u00f3n, inclusiva y de calidad para ni\u00f1as, ni\u00f1os y j\u00f3venes en situaci\u00f3n de vulnerabilidad.<\/li>\n<\/ul>\n\n\n\n<p class=\"has-slightly-large-font-size\">A estas se suman otras instituciones y programas que, bajo un modelo de educaci\u00f3n abierta, participativa y transformadora, buscan ense\u00f1ar a pensar, discernir y actuar con sentido \u00e9tico y social.<\/p>\n\n\n\n<figure class=\"wp-block-image aligncenter size-full\"><img loading=\"lazy\" decoding=\"async\" width=\"625\" height=\"407\" src=\"https:\/\/donaciones-test.jesuitas.org.co\/wp-content\/uploads\/2022\/10\/Colegio.png\" alt=\"\" class=\"wp-image-3830\" style=\"box-shadow:none\" srcset=\"https:\/\/donaciones.jesuitas.org.co\/wp-content\/uploads\/2022\/10\/Colegio.png 625w, https:\/\/donaciones.jesuitas.org.co\/wp-content\/uploads\/2022\/10\/Colegio-300x195.png 300w\" sizes=\"auto, (max-width: 625px) 100vw, 625px\" \/><\/figure>\n\n\n\n<h3 class=\"wp-block-heading has-vivid-red-color has-text-color has-link-color wp-elements-f645f3b485e88164a44abb2df3a0b31b\">Una educaci\u00f3n integral al servicio de la vida<\/h3>\n\n\n\n<p class=\"has-slightly-large-font-size\">La educaci\u00f3n jesuita tiene como fin el desarrollo de personas conscientes, competentes, compasivas y comprometidas con el servicio a la Iglesia y a la sociedad. Se caracteriza por un profundo acompa\u00f1amiento personalizado, que integra mente, cuerpo y esp\u00edritu, y que pone en el centro a cada persona y su proceso de crecimiento.<\/p>\n\n\n\n<p class=\"has-slightly-large-font-size\">Los centros educativos de la Compa\u00f1\u00eda son espacios de encuentro, reflexi\u00f3n y di\u00e1logo, donde se promueven habilidades intelectuales, capacidades morales y una espiritualidad activa, orientada al servicio y la transformaci\u00f3n de Colombia.<\/p>\n\n\n\n<h3 class=\"wp-block-heading has-vivid-red-color has-text-color has-link-color wp-elements-6e392de9b508775eebd73546e043db1d\">S\u00famate a esta misi\u00f3n transformadora<\/h3>\n\n\n\n<p class=\"has-slightly-large-font-size\">Cada aporte que recibimos nos permite seguir brindando una educaci\u00f3n de calidad, humana y con sentido, especialmente a quienes m\u00e1s lo necesitan.<\/p>\n\n\n\n<p class=\"has-slightly-large-font-size\">Con tu ayuda, podemos continuar formando generaciones de l\u00edderes comprometidos con el bien com\u00fan, la justicia y la reconciliaci\u00f3n.<\/p>\n\n\n\n<h3 class=\"wp-block-heading has-medium-large-font-size\">\ud83d\udc99<strong> <\/strong>Apoya la misi\u00f3n educativa jesuita en Colombia<\/h3>\n\n\n\n<div class=\"wp-block-buttons is-layout-flex wp-block-buttons-is-layout-flex\">\n<div class=\"wp-block-button\"><a class=\"wp-block-button__link wp-element-button\" href=\"https:\/\/aportes.jesuitas.org.co\/donacion-apostoladosocial\" style=\"border-radius:8px\">Quiero Apoyar \ud83e\udd0d<\/a><\/div>\n<\/div>\n\n\n\n<p><\/p>\n","protected":false},"excerpt":{"rendered":"<p>Misi\u00f3n Educativa Desde la llegada de los primeros misioneros jesuitas al pa\u00eds, la educaci\u00f3n ha sido una de las misiones fundamentales confiadas a la Compa\u00f1\u00eda de Jes\u00fas. A lo largo de los siglos, se han fundado instituciones educativas inspiradas en el modelo pedag\u00f3gico Ignaciano, con el prop\u00f3sito de formar hombres y mujeres \u201cpara los dem\u00e1s\u201d:&#8230;<\/p>\n","protected":false},"author":1,"featured_media":0,"parent":0,"menu_order":0,"comment_status":"closed","ping_status":"closed","template":"","meta":{"footnotes":""},"class_list":["post-3974","page","type-page","status-publish","hentry"],"_links":{"self":[{"href":"https:\/\/donaciones.jesuitas.org.co\/index.php?rest_route=\/wp\/v2\/pages\/3974","targetHints":{"allow":["GET"]}}],"collection":[{"href":"https:\/\/donaciones.jesuitas.org.co\/index.php?rest_route=\/wp\/v2\/pages"}],"about":[{"href":"https:\/\/donaciones.jesuitas.org.co\/index.php?rest_route=\/wp\/v2\/types\/page"}],"author":[{"embeddable":true,"href":"https:\/\/donaciones.jesuitas.org.co\/index.php?rest_route=\/wp\/v2\/users\/1"}],"replies":[{"embeddable":true,"href":"https:\/\/donaciones.jesuitas.org.co\/index.php?rest_route=%2Fwp%2Fv2%2Fcomments&post=3974"}],"version-history":[{"count":21,"href":"https:\/\/donaciones.jesuitas.org.co\/index.php?rest_route=\/wp\/v2\/pages\/3974\/revisions"}],"predecessor-version":[{"id":5889,"href":"https:\/\/donaciones.jesuitas.org.co\/index.php?rest_route=\/wp\/v2\/pages\/3974\/revisions\/5889"}],"wp:attachment":[{"href":"https:\/\/donaciones.jesuitas.org.co\/index.php?rest_route=%2Fwp%2Fv2%2Fmedia&parent=3974"}],"curies":[{"name":"wp","href":"https:\/\/api.w.org\/{rel}","templated":true}]}}