{"id":4185,"date":"2025-05-20T12:09:43","date_gmt":"2025-05-20T17:09:43","guid":{"rendered":"https:\/\/donaciones-test.jesuitas.org.co\/?page_id=4185"},"modified":"2025-09-25T15:48:24","modified_gmt":"2025-09-25T20:48:24","slug":"ser-socio","status":"publish","type":"page","link":"https:\/\/donaciones.jesuitas.org.co\/?page_id=4185","title":{"rendered":"Hazte Socio"},"content":{"rendered":"<div class=\"n2-section-smartslider fitvidsignore  n2_clear\" data-ssid=\"6\" tabindex=\"0\" role=\"region\" aria-label=\"Slider\"><div id=\"n2-ss-6-align\" class=\"n2-ss-align\"><div class=\"n2-padding\"><div id=\"n2-ss-6\" data-creator=\"Smart Slider 3\" data-responsive=\"fullwidth\" class=\"n2-ss-slider n2-ow n2-has-hover n2notransition  \">\n        <div class=\"n2-ss-slider-1 n2-ow\">\n            <div class=\"n2-ss-slider-2 n2-ow\">\n                <div class=\"n2-ss-slide-backgrounds n2-ow-all\"><div class=\"n2-ss-slide-background\" data-public-id=\"1\" data-mode=\"fill\"><div data-color=\"RGBA(0,0,0,0.5)\" style=\"background-color: RGBA(0,0,0,0.5);\" class=\"n2-ss-slide-background-color\"><\/div><\/div><\/div>                <div class=\"n2-ss-slider-3 n2-ow\">\n                    <svg xmlns=\"http:\/\/www.w3.org\/2000\/svg\" viewBox=\"0 0 1920 900\" data-related-device=\"desktopPortrait\" class=\"n2-ow n2-ss-preserve-size n2-ss-preserve-size--slider n2-ss-slide-limiter\"><\/svg><div data-first=\"1\" data-slide-duration=\"0\" data-id=\"16\" data-slide-public-id=\"1\" data-title=\"Block\" class=\"n2-ss-slide n2-ow  n2-ss-slide-16\"><div role=\"note\" class=\"n2-ss-slide--focus\" tabindex=\"-1\">Block<\/div><div class=\"n2-ss-layers-container n2-ss-slide-limiter n2-ow\"><div class=\"n2-ss-layer n2-ow n-uc-q4JVxVOPpOw3\" data-sstype=\"slide\" data-pm=\"default\"><div class=\"n2-ss-layer n2-ow n-uc-15fa4bef99cc0\" data-pm=\"default\" data-sstype=\"content\" data-hasbackground=\"1\"><div class=\"n2-ss-section-main-content n2-ss-layer-with-background n2-ss-layer-content n2-ow n-uc-15fa4bef99cc0-inner\"><div class=\"n2-ss-layer n2-ow n2-ss-layer--block n2-ss-has-self-align n-uc-14d63346aa3d8\" data-pm=\"normal\" data-sstype=\"row\"><div class=\"n2-ss-layer-row n2-ss-layer-with-background n-uc-14d63346aa3d8-inner\"><div class=\"n2-ss-layer-row-inner \"><div class=\"n2-ss-layer n2-ow n-uc-1baf98f540e2f\" data-pm=\"default\" data-sstype=\"col\"><div class=\"n2-ss-layer-col n2-ss-layer-with-background n2-ss-layer-content n-uc-1baf98f540e2f-inner\"><\/div><\/div><div class=\"n2-ss-layer n2-ow n-uc-1c2cb6b69fca7\" data-pm=\"default\" data-sstype=\"col\"><div class=\"n2-ss-layer-col n2-ss-layer-with-background n2-ss-layer-content n-uc-1c2cb6b69fca7-inner\"><div class=\"n2-ss-layer n2-ow n2-ss-layer--auto n2-ss-has-self-align n-uc-1c483c59062c2\" data-pm=\"normal\" data-sstype=\"row\"><div class=\"n2-ss-layer-row n2-ss-layer-with-background n-uc-1c483c59062c2-inner\"><div class=\"n2-ss-layer-row-inner \"><div class=\"n2-ss-layer n2-ow n-uc-18cc6b3fde098\" data-pm=\"default\" data-sstype=\"col\"><div class=\"n2-ss-layer-col n2-ss-layer-with-background n2-ss-layer-content n-uc-18cc6b3fde098-inner\"><\/div><\/div><div class=\"n2-ss-layer n2-ow n-uc-1d38bafe3390a\" data-pm=\"default\" data-sstype=\"col\"><div class=\"n2-ss-layer-col n2-ss-layer-with-background n2-ss-layer-content n-uc-1d38bafe3390a-inner\"><\/div><\/div><div class=\"n2-ss-layer n2-ow n-uc-1bc79cd8415db\" data-pm=\"default\" data-sstype=\"col\"><div class=\"n2-ss-layer-col n2-ss-layer-with-background n2-ss-layer-content n-uc-1bc79cd8415db-inner\"><\/div><\/div><div class=\"n2-ss-layer n2-ow n-uc-1ec869ffa3a60\" data-pm=\"default\" data-sstype=\"col\"><div class=\"n2-ss-layer-col n2-ss-layer-with-background n2-ss-layer-content n-uc-1ec869ffa3a60-inner\"><\/div><\/div><\/div><\/div><\/div><\/div><\/div><\/div><\/div><\/div><div class=\"n2-ss-layer n2-ow n2-ss-layer--block n2-ss-has-self-align n2-ss-stretch-layer n-uc-193a3398aea58\" data-pm=\"normal\" data-sstype=\"row\"><div class=\"n2-ss-layer-row n2-ss-layer-with-background n-uc-193a3398aea58-inner\"><div class=\"n2-ss-layer-row-inner \"><div class=\"n2-ss-layer n2-ow n-uc-1c11bb09d6750\" data-pm=\"default\" data-sstype=\"col\"><div class=\"n2-ss-layer-col n2-ss-layer-with-background n2-ss-layer-content n-uc-1c11bb09d6750-inner\"><div class=\"n2-ss-layer n2-ow n2-ss-layer--block n2-ss-has-self-align n2-ss-stretch-layer n-uc-18660f797207e\" data-pm=\"normal\" data-sstype=\"row\"><div class=\"n2-ss-layer-row n2-ss-layer-with-background n-uc-18660f797207e-inner\"><div class=\"n2-ss-layer-row-inner \"><div class=\"n2-ss-layer n2-ow n-uc-1cfd633c7c0bb\" data-pm=\"default\" data-sstype=\"col\"><div class=\"n2-ss-layer-col n2-ss-layer-with-background n2-ss-layer-content n-uc-1cfd633c7c0bb-inner\"><div class=\"n2-ss-layer n2-ow n-uc-wegMkdhjzORI\" data-pm=\"normal\" data-sstype=\"layer\"><div id=\"n2-ss-6item1\" class=\"n2-font-7c68cfcf1aaef896eb94382eabd53f81-hover   n2-ss-item-content n2-ss-text n2-ow\" style=\"display:block;\">Hazte<\/div><\/div><div class=\"n2-ss-layer n2-ow n-uc-OhgXW1Kn0ozw\" data-pm=\"normal\" data-sstype=\"layer\"><div id=\"n2-ss-6item2\" class=\"n2-font-6355b4594cd656f55741b8e94622d76e-hover   n2-ss-item-content n2-ss-text n2-ow\" style=\"display:block;\">socio Mensual<\/div><\/div><div class=\"n2-ss-layer n2-ow n-uc-jCsBUmWQtgJ1\" data-pm=\"normal\" data-sstype=\"layer\"><div class=\"n2-ss-item-content n2-ss-text n2-ow-all\"><div class=\"\"><p class=\"n2-font-a1c8fbe94a04eb7cc3efd83224987f85-paragraph   \">de Jesuitas Colombia <\/p>\n<\/div><\/div><\/div><div class=\"n2-ss-layer n2-ow n-uc-DmKJe3PXE9Ay n2-ss-layer--auto\" data-pm=\"normal\" data-sstype=\"layer\"><div class=\"n2-ss-button-container n2-ss-item-content n2-ow n2-font-f59c858d6b5f3fad148855c453a9a919-link  n2-ss-nowrap n2-ss-button-container--non-full-width\"><a class=\"n2-style-4f3a304c20678d1a05383df3ab862523-heading  n2-ow \" href=\"https:\/\/apoyanos.jesuitas.org.co\/\"><div><div>Dona Aqu\u00ed<\/div><\/div><\/a><\/div><\/div><\/div><\/div><\/div><\/div><\/div><div class=\"n2-ss-layer n2-ow n-uc-w9KrhCSIWk1u\" data-pm=\"normal\" data-sstype=\"layer\"><div id=\"n2-ss-6item5\" class=\"n2-font-b2efdca1be6b913634dae72a50b459bb-hover   n2-ss-item-content n2-ss-text n2-ow\" style=\"display:block;\"><\/div><\/div><div class=\"n2-ss-layer n2-ow n2-ss-layer--auto n2-ss-has-self-align n-uc-1c65035e21372\" data-pm=\"normal\" data-sstype=\"row\"><div class=\"n2-ss-layer-row n2-ss-layer-with-background n-uc-1c65035e21372-inner\"><div class=\"n2-ss-layer-row-inner \"><div class=\"n2-ss-layer n2-ow n-uc-1d822c1b888cc\" data-pm=\"default\" data-sstype=\"col\"><div class=\"n2-ss-layer-col n2-ss-layer-with-background n2-ss-layer-content n-uc-1d822c1b888cc-inner\"><div class=\"n2-ss-layer n2-ow n-uc-sFMozDgVyQhb\" data-pm=\"normal\" data-sstype=\"layer\"><\/div><\/div><\/div><div class=\"n2-ss-layer n2-ow n-uc-1ef7b569fc633\" data-pm=\"default\" data-sstype=\"col\"><div class=\"n2-ss-layer-col n2-ss-layer-with-background n2-ss-layer-content n-uc-1ef7b569fc633-inner\"><div class=\"n2-ss-layer n2-ow n-uc-jomV8tqvlG9B\" data-pm=\"normal\" data-sstype=\"layer\"><\/div><\/div><\/div><div class=\"n2-ss-layer n2-ow n-uc-1088fc27d2eff\" data-pm=\"default\" data-sstype=\"col\"><div class=\"n2-ss-layer-col n2-ss-layer-with-background n2-ss-layer-content n-uc-1088fc27d2eff-inner\"><div class=\"n2-ss-layer n2-ow n-uc-aFkg1nIRsckw\" data-pm=\"normal\" data-sstype=\"layer\"><\/div><\/div><\/div><\/div><\/div><\/div><\/div><\/div><\/div><\/div><\/div><\/div><\/div><\/div><\/div><\/div>                <\/div>\n                            <\/div>\n        <\/div>\n        <\/div><ss3-loader><\/ss3-loader><\/div><\/div><div class=\"n2_clear\"><\/div><\/div>\n\n\n<h4 class=\"wp-block-heading has-vivid-red-color has-text-color has-link-color has-slightly-large-font-size wp-elements-ea1d57f1eb90311dc5e8745fbe56ec99\">Tu aporte nos permite dar continuidad a nuestra misi\u00f3n y estar presentes donde m\u00e1s se necesita.<\/h4>\n\n\n\n<p class=\"has-slightly-large-font-size\">Gracias a personas como tu, podemos seguir fortaleciendo nuestros fondos de provincia y proyectos que nos permite:<\/p>\n\n\n\n<ul class=\"wp-block-list\">\n<li class=\"has-slightly-large-font-size\">Acompa\u00f1ar a diversas comunidades <\/li>\n\n\n\n<li class=\"has-slightly-large-font-size\">Ofrecer oportunidades educativas a j\u00f3venes en riesgo<\/li>\n\n\n\n<li class=\"has-slightly-large-font-size\">Impulsar proyectos de reconciliaci\u00f3n y justicia <\/li>\n\n\n\n<li class=\"has-slightly-large-font-size\">Cuidar a nuestros Jesuitas Mayores, quienes han entregado su vida al servicio de los dem\u00e1s<\/li>\n\n\n\n<li class=\"has-black-color has-text-color has-link-color has-slightly-large-font-size wp-elements-1de277ce90f9eef974b94ed42c4828db\">Formar a las nuevas generaciones de Jesuitas, sembrando esperanza en el futuro de la compa\u00f1\u00eda.  <\/li>\n<\/ul>\n\n\n\n<h4 class=\"wp-block-heading has-vivid-red-color has-text-color has-link-color has-slightly-large-font-size wp-elements-a4c0a37e6ec06a8c7c0556f27f9b3457\">\u00bfPor qu\u00e9 donar mensualmente?<\/h4>\n\n\n\n<ul class=\"wp-block-list\">\n<li class=\"has-slightly-large-font-size\">Tu impacto es constante: Cada mes tu aporte se traduce en acciones concretas <\/li>\n\n\n\n<li class=\"has-slightly-large-font-size\">Es f\u00e1cil y flexible: puedes elegir el monto, cambiarlo o cancelar en cualquier momento<\/li>\n\n\n\n<li class=\"has-slightly-large-font-size\">Estas conectado con la misi\u00f3n: recibir\u00e1s noticias e historias de transformaci\u00f3n que con tu apoyo son posibles<\/li>\n\n\n\n<li class=\"has-slightly-large-font-size\">Eres parte de una comunidad que acompa\u00f1a, sirve y reconcilia.<\/li>\n<\/ul>\n\n\n\n<h4 class=\"wp-block-heading has-vivid-red-color has-text-color has-link-color has-slightly-large-font-size wp-elements-085de3b931f2c5d935191486f0d53bd2\">\ud83d\ude4b\u200d\u2640\ufe0f \u00bfC\u00f3mo elijo a qu\u00e9 donar?<\/h4>\n\n\n\n<p class=\"has-slightly-large-font-size\">Es muy sencillo. Al ingresar a nuestra landing de donaciones encontrar\u00e1s una <strong>caja de selecci\u00f3n<\/strong> donde podr\u00e1s decidir el destino de tu aporte.<\/p>\n\n\n\n<p class=\"has-slightly-large-font-size\">Puedes elegir entre:<\/p>\n\n\n\n<ul class=\"wp-block-list\">\n<li class=\"has-slightly-large-font-size\">\u2705 <strong>Fondos espec\u00edficos<\/strong>, como apostolado educativo, pastoral, apostolado social, formaci\u00f3n jesuita y cuidado de los jesuitas mayores.<\/li>\n\n\n\n<li class=\"has-slightly-large-font-size\">\ud83c\udfaf <strong>Proyectos activos<\/strong>, con objetivos y necesidades concretas.<\/li>\n\n\n\n<li class=\"has-slightly-large-font-size\">\ud83d\udc9b <strong>Donaci\u00f3n general<\/strong>, que nos permite responder con flexibilidad a las prioridades m\u00e1s urgentes.<\/li>\n<\/ul>\n\n\n\n<p class=\"has-medium-large-font-size\">Cada opci\u00f3n es una oportunidad para transformar vidas. T\u00fa eliges el impacto que quieres generar.<\/p>\n\n\n\n<hr class=\"wp-block-separator has-alpha-channel-opacity\"\/>\n\n\n\n<!-- Secci\u00f3n de Preguntas Frecuentes -->\n<div class=\"faq-container\">\n  <style>\n    .faq-container {\n      font-family: Arial, sans-serif;\n      max-width: 1200px;\n      margin: 30px auto;\n      padding: 0 20px;\n    }\n\n    .faq-container h2 {\n      text-align: left;\n      font-size: 28px;\n    }\n\n    .faq-container .titulo-faq {\n      color: #9b1915;\n    }\n\n    .faq-container .titulo-faq span {\n      color:  #9b1915;\n    }\n\n    .faq-container .faq-item {\n      border-bottom: 1px solid #ccc;\n      padding: 15px 0;\n    }\n\n    .faq-container .question {\n      cursor: pointer;\n      font-weight: bold;\n      color: #000000;\n      position: relative;\n      padding-right: 30px;\n      font-size: 18px;\n    }\n\n    .faq-container .question::after {\n      content: \"+\";\n      position: absolute;\n      right: 0;\n    }\n\n    .faq-container .question.active::after {\n      content: \"-\";\n    }\n\n    .faq-container .answer {\n      display: none;\n      margin-top: 8px;\n      color: #353535;\n      font-size: 16px;\n      line-height: 1.4;\n    }\n\n    .faq-container .answer.show {\n      display: block;\n    }\n  <\/style>\n\n  <h2 class=\"titulo-faq\">Preguntas <span>frecuentes<\/span><\/h2>\n\n  <div class=\"faq-item\">\n    <div class=\"question\">\u00bfQui\u00e9nes reciben mis donaciones?<\/div>\n    <div class=\"answer\">Las donaciones se distribuyen entre los diferentes fondos y obras apost\u00f3licas de la provincia, de acuerdo a la necesidad que requieran y si has seleccionado donar a un fondo, campa\u00f1a o proyecto espec\u00edfico, los recursos se entregar\u00e1n de acuerdo a tu elecci\u00f3n.<\/div>\n  <\/div>\n\n  <div class=\"faq-item\">\n    <div class=\"question\">\u00bfPuedo donar mensualmente?<\/div>\n    <div class=\"answer\">As\u00ed es, puedes convertirte en socio mensual, as\u00ed que, si en alg\u00fan momento no puedes continuar colaborando o quieres aumentar tu cuota, solo debes comunicarte con la Oficina de Desarrollo.<\/div>\n  <\/div>\n\n  <div class=\"faq-item\">\n    <div class=\"question\">\u00bfMi donaci\u00f3n tiene beneficios tributarios?<\/div>\n    <div class=\"answer\">S\u00ed, con el registro de tu aporte, la Compa\u00f1\u00eda de Jes\u00fas expide un certificado de donaci\u00f3n, que te hace acreedor de beneficios fiscales a la hora de la declaraci\u00f3n de renta.<\/div>\n  <\/div>\n\n  <div class=\"faq-item\">\n    <div class=\"question\">\u00bfC\u00f3mo s\u00e9 que mi donaci\u00f3n se usa en lo que he elegido?<\/div>\n    <div class=\"answer\">Enviamos a nuestros donantes un informe anual de impacto y actualizaciones sobre nuestros fondos, campa\u00f1as y proyectos.<\/div>\n  <\/div>\n\n  <script>\n    const questions = document.querySelectorAll('.faq-container .question');\n    questions.forEach(q => {\n      q.addEventListener('click', () => {\n        q.classList.toggle('active');\n        q.nextElementSibling.classList.toggle('show');\n      });\n    });\n  <\/script>\n<\/div>\n\n\n\n<p><\/p>\n","protected":false},"excerpt":{"rendered":"<p>Tu aporte nos permite dar continuidad a nuestra misi\u00f3n y estar presentes donde m\u00e1s se necesita. Gracias a personas como tu, podemos seguir fortaleciendo nuestros fondos de provincia y proyectos que nos permite: \u00bfPor qu\u00e9 donar mensualmente? \ud83d\ude4b\u200d\u2640\ufe0f \u00bfC\u00f3mo elijo a qu\u00e9 donar? Es muy sencillo. Al ingresar a nuestra landing de donaciones encontrar\u00e1s una&#8230;<\/p>\n","protected":false},"author":1,"featured_media":0,"parent":0,"menu_order":0,"comment_status":"closed","ping_status":"closed","template":"","meta":{"footnotes":""},"class_list":["post-4185","page","type-page","status-publish","hentry"],"_links":{"self":[{"href":"https:\/\/donaciones.jesuitas.org.co\/index.php?rest_route=\/wp\/v2\/pages\/4185","targetHints":{"allow":["GET"]}}],"collection":[{"href":"https:\/\/donaciones.jesuitas.org.co\/index.php?rest_route=\/wp\/v2\/pages"}],"about":[{"href":"https:\/\/donaciones.jesuitas.org.co\/index.php?rest_route=\/wp\/v2\/types\/page"}],"author":[{"embeddable":true,"href":"https:\/\/donaciones.jesuitas.org.co\/index.php?rest_route=\/wp\/v2\/users\/1"}],"replies":[{"embeddable":true,"href":"https:\/\/donaciones.jesuitas.org.co\/index.php?rest_route=%2Fwp%2Fv2%2Fcomments&post=4185"}],"version-history":[{"count":43,"href":"https:\/\/donaciones.jesuitas.org.co\/index.php?rest_route=\/wp\/v2\/pages\/4185\/revisions"}],"predecessor-version":[{"id":5691,"href":"https:\/\/donaciones.jesuitas.org.co\/index.php?rest_route=\/wp\/v2\/pages\/4185\/revisions\/5691"}],"wp:attachment":[{"href":"https:\/\/donaciones.jesuitas.org.co\/index.php?rest_route=%2Fwp%2Fv2%2Fmedia&parent=4185"}],"curies":[{"name":"wp","href":"https:\/\/api.w.org\/{rel}","templated":true}]}}