{"id":4507,"date":"2025-06-26T10:41:20","date_gmt":"2025-06-26T15:41:20","guid":{"rendered":"https:\/\/donaciones-test.jesuitas.org.co\/?page_id=4507"},"modified":"2025-09-12T16:37:51","modified_gmt":"2025-09-12T21:37:51","slug":"proyectos","status":"publish","type":"page","link":"https:\/\/donaciones.jesuitas.org.co\/?page_id=4507","title":{"rendered":"Proyectos"},"content":{"rendered":"\n<p class=\"has-text-align-center has-vivid-red-color has-text-color has-link-color has-super-large-font-size wp-elements-2acdaf0624a5678d7c6774c61f5ba5a5\">Nuestros proyectos<\/p>\n\n\n\n<p class=\"has-slightly-large-font-size\">Con tu apoyo, fortalecemos las obras de la Compa\u00f1\u00eda de Jes\u00fas en Colombia \u2014centros sociales, pastorales y educativos conect\u00e1ndolas con los recursos, herramientas y conocimientos necesarios para seguir sirviendo a quienes m\u00e1s lo necesitan. Esta labor se inspira en nuestro <strong>Plan Apost\u00f3lico de Provincia<\/strong>, que nos llama a caminar con los excluidos, acompa\u00f1ar a los j\u00f3venes en su formaci\u00f3n integral, cuidar la Casa Com\u00fan y promover la fe que act\u00faa en la justicia.<\/p>\n\n\n\n<p class=\"has-slightly-large-font-size\">Cada proyecto \u2014en educaci\u00f3n, cultura, justicia socioambiental, espiritualidad o reconciliaci\u00f3n\u2014 responde a los desaf\u00edos del pa\u00eds y contribuye a una transformaci\u00f3n social profunda, donde se respeta la dignidad humana, se protegen los derechos fundamentales y se construyen comunidades donde todas las personas pueden florecer.<\/p>\n\n\n\n<div class=\"wp-block-group has-white-background-color has-background is-layout-constrained wp-container-core-group-is-layout-49d5ba37 wp-block-group-is-layout-constrained\" style=\"margin-top:0;margin-bottom:0;padding-top:120px;padding-right:0;padding-bottom:0;padding-left:0\">\n<div class=\"wp-block-group is-layout-constrained wp-container-core-group-is-layout-bdcbbb17 wp-block-group-is-layout-constrained\">\n<p class=\"has-slightly-large-font-size\"><\/p>\n<\/div>\n\n\n\n<div class=\"wp-block-group is-layout-constrained wp-block-group-is-layout-constrained\">\n<div class=\"wp-block-columns is-layout-flex wp-container-core-columns-is-layout-3b693de2 wp-block-columns-is-layout-flex\">\n<div class=\"wp-block-column is-layout-flow wp-container-core-column-is-layout-8a368f38 wp-block-column-is-layout-flow\" style=\"flex-basis:66.66%\">\n<div class=\"wp-block-group is-layout-grid wp-container-core-group-is-layout-c65186bc wp-block-group-is-layout-grid\" style=\"min-height:350px\">\n<div class=\"wp-block-cover has-custom-content-position is-position-bottom-left fundifly-gallery-cover is-style-cover-hover-zoom-in\" style=\"border-radius:5px;padding-top:30px;padding-right:30px;padding-bottom:30px;padding-left:30px;min-height:350px;aspect-ratio:unset;\"><img loading=\"lazy\" decoding=\"async\" width=\"1024\" height=\"768\" class=\"wp-block-cover__image-background wp-image-4452 size-large\" alt=\"\" src=\"https:\/\/donaciones.jesuitas.org.co\/wp-content\/uploads\/2022\/10\/499476020_17879275743317509_2540584663543453703_n-1024x768.jpg\" data-object-fit=\"cover\" srcset=\"https:\/\/donaciones.jesuitas.org.co\/wp-content\/uploads\/2022\/10\/499476020_17879275743317509_2540584663543453703_n-1024x768.jpg 1024w, https:\/\/donaciones.jesuitas.org.co\/wp-content\/uploads\/2022\/10\/499476020_17879275743317509_2540584663543453703_n-300x225.jpg 300w, https:\/\/donaciones.jesuitas.org.co\/wp-content\/uploads\/2022\/10\/499476020_17879275743317509_2540584663543453703_n-768x576.jpg 768w, https:\/\/donaciones.jesuitas.org.co\/wp-content\/uploads\/2022\/10\/499476020_17879275743317509_2540584663543453703_n.jpg 1440w\" sizes=\"auto, (max-width: 1024px) 100vw, 1024px\" \/><span aria-hidden=\"true\" class=\"wp-block-cover__background has-background-dim-100 has-background-dim wp-block-cover__gradient-background has-background-gradient has-secondary-gradient-gradient-background\"><\/span><div class=\"wp-block-cover__inner-container is-layout-constrained wp-container-core-cover-is-layout-edcd9cee wp-block-cover-is-layout-constrained\">\n<div class=\"wp-block-group is-layout-constrained wp-container-core-group-is-layout-345d74c0 wp-block-group-is-layout-constrained\">\n<h2 class=\"wp-block-heading has-text-align-left has-very-large-font-size\" style=\"margin-top:0;margin-right:0;margin-bottom:0;margin-left:0;padding-top:0;padding-right:0;padding-bottom:0;padding-left:0\">Escuela de Futbol<\/h2>\n\n\n\n<div class=\"wp-block-buttons fundifly-btn-lm is-layout-flex wp-block-buttons-is-layout-flex\">\n<div class=\"wp-block-button is-style-outline is-style-outline--1\"><a class=\"wp-block-button__link has-normal-font-size has-custom-font-size wp-element-button\" href=\"https:\/\/donaciones.jesuitas.org.co\/?p=3061\" style=\"border-radius:5px;padding-top:15px;padding-right:24px;padding-bottom:15px;padding-left:24px\">Leer m\u00e1s<\/a><\/div>\n<\/div>\n<\/div>\n<\/div><\/div>\n\n\n\n<div class=\"wp-block-cover has-custom-content-position is-position-bottom-left fundifly-gallery-cover is-style-cover-hover-zoom-in\" style=\"border-radius:5px;padding-top:30px;padding-right:30px;padding-bottom:30px;padding-left:30px;min-height:350px;aspect-ratio:unset;\"><img loading=\"lazy\" decoding=\"async\" width=\"768\" height=\"1024\" class=\"wp-block-cover__image-background wp-image-4416 size-large\" alt=\"\" src=\"https:\/\/donaciones.jesuitas.org.co\/wp-content\/uploads\/2025\/06\/WhatsApp-Image-2025-06-04-at-3.21.41-PM-1-768x1024.jpeg\" style=\"object-position:49% 29%\" data-object-fit=\"cover\" data-object-position=\"49% 29%\" srcset=\"https:\/\/donaciones.jesuitas.org.co\/wp-content\/uploads\/2025\/06\/WhatsApp-Image-2025-06-04-at-3.21.41-PM-1-768x1024.jpeg 768w, https:\/\/donaciones.jesuitas.org.co\/wp-content\/uploads\/2025\/06\/WhatsApp-Image-2025-06-04-at-3.21.41-PM-1-225x300.jpeg 225w, https:\/\/donaciones.jesuitas.org.co\/wp-content\/uploads\/2025\/06\/WhatsApp-Image-2025-06-04-at-3.21.41-PM-1.jpeg 960w\" sizes=\"auto, (max-width: 768px) 100vw, 768px\" \/><span aria-hidden=\"true\" class=\"wp-block-cover__background has-background-dim-100 has-background-dim wp-block-cover__gradient-background has-background-gradient has-secondary-gradient-gradient-background\"><\/span><div class=\"wp-block-cover__inner-container is-layout-constrained wp-container-core-cover-is-layout-edcd9cee wp-block-cover-is-layout-constrained\">\n<div class=\"wp-block-group is-layout-constrained wp-container-core-group-is-layout-345d74c0 wp-block-group-is-layout-constrained\">\n<h2 class=\"wp-block-heading has-text-align-left has-very-large-font-size\" style=\"margin-top:0;margin-right:0;margin-bottom:0;margin-left:0;padding-top:0;padding-right:0;padding-bottom:0;padding-left:0\">Senderos Ecol\u00f3gicos<\/h2>\n\n\n\n<div class=\"wp-block-buttons fundifly-btn-lm is-layout-flex wp-block-buttons-is-layout-flex\">\n<div class=\"wp-block-button is-style-outline is-style-outline--2\"><a class=\"wp-block-button__link has-normal-font-size has-custom-font-size wp-element-button\" href=\"https:\/\/donaciones.jesuitas.org.co\/?p=3057\" style=\"border-radius:5px;padding-top:15px;padding-right:24px;padding-bottom:15px;padding-left:24px\">Leer m\u00e1s<\/a><\/div>\n<\/div>\n<\/div>\n<\/div><\/div>\n\n\n\n<div class=\"wp-block-cover has-custom-content-position is-position-bottom-left fundifly-gallery-cover is-style-cover-hover-zoom-in\" style=\"border-radius:5px;padding-top:30px;padding-right:30px;padding-bottom:30px;padding-left:30px;min-height:350px;aspect-ratio:unset;\"><img loading=\"lazy\" decoding=\"async\" width=\"576\" height=\"1024\" class=\"wp-block-cover__image-background wp-image-4578 size-large\" alt=\"\" src=\"https:\/\/donaciones.jesuitas.org.co\/wp-content\/uploads\/2025\/07\/WhatsApp-Image-2025-06-27-at-11.12.32-AM-576x1024.jpeg\" data-object-fit=\"cover\" srcset=\"https:\/\/donaciones.jesuitas.org.co\/wp-content\/uploads\/2025\/07\/WhatsApp-Image-2025-06-27-at-11.12.32-AM-576x1024.jpeg 576w, https:\/\/donaciones.jesuitas.org.co\/wp-content\/uploads\/2025\/07\/WhatsApp-Image-2025-06-27-at-11.12.32-AM-169x300.jpeg 169w, https:\/\/donaciones.jesuitas.org.co\/wp-content\/uploads\/2025\/07\/WhatsApp-Image-2025-06-27-at-11.12.32-AM-768x1365.jpeg 768w, https:\/\/donaciones.jesuitas.org.co\/wp-content\/uploads\/2025\/07\/WhatsApp-Image-2025-06-27-at-11.12.32-AM-864x1536.jpeg 864w, https:\/\/donaciones.jesuitas.org.co\/wp-content\/uploads\/2025\/07\/WhatsApp-Image-2025-06-27-at-11.12.32-AM.jpeg 900w\" sizes=\"auto, (max-width: 576px) 100vw, 576px\" \/><span aria-hidden=\"true\" class=\"wp-block-cover__background has-background-dim-100 has-background-dim wp-block-cover__gradient-background has-background-gradient has-secondary-gradient-gradient-background\"><\/span><div class=\"wp-block-cover__inner-container is-layout-constrained wp-container-core-cover-is-layout-edcd9cee wp-block-cover-is-layout-constrained\">\n<div class=\"wp-block-group is-layout-constrained wp-container-core-group-is-layout-345d74c0 wp-block-group-is-layout-constrained\">\n<h2 class=\"wp-block-heading has-text-align-left has-very-large-font-size\" style=\"margin-top:0;margin-right:0;margin-bottom:0;margin-left:0;padding-top:0;padding-right:0;padding-bottom:0;padding-left:0\">Entretejiendo Sue\u00f1os<\/h2>\n\n\n\n<div class=\"wp-block-buttons fundifly-btn-lm is-layout-flex wp-block-buttons-is-layout-flex\">\n<div class=\"wp-block-button is-style-outline is-style-outline--3\"><a class=\"wp-block-button__link has-normal-font-size has-custom-font-size wp-element-button\" href=\"https:\/\/donaciones.jesuitas.org.co\/?p=4576\" style=\"border-radius:5px;padding-top:15px;padding-right:24px;padding-bottom:15px;padding-left:24px\">Leer m\u00e1s<\/a><\/div>\n<\/div>\n<\/div>\n<\/div><\/div>\n\n\n\n<div class=\"wp-block-cover has-custom-content-position is-position-bottom-left fundifly-gallery-cover is-style-cover-hover-zoom-in\" style=\"border-radius:5px;padding-top:30px;padding-right:30px;padding-bottom:30px;padding-left:30px;min-height:350px;aspect-ratio:unset;\"><img loading=\"lazy\" decoding=\"async\" width=\"1024\" height=\"454\" class=\"wp-block-cover__image-background wp-image-4674 size-large\" alt=\"\" src=\"https:\/\/donaciones.jesuitas.org.co\/wp-content\/uploads\/2025\/07\/WhatsApp-Image-2025-07-14-at-9.39.06-AM-1024x454.jpeg\" data-object-fit=\"cover\" srcset=\"https:\/\/donaciones.jesuitas.org.co\/wp-content\/uploads\/2025\/07\/WhatsApp-Image-2025-07-14-at-9.39.06-AM-1024x454.jpeg 1024w, https:\/\/donaciones.jesuitas.org.co\/wp-content\/uploads\/2025\/07\/WhatsApp-Image-2025-07-14-at-9.39.06-AM-300x133.jpeg 300w, https:\/\/donaciones.jesuitas.org.co\/wp-content\/uploads\/2025\/07\/WhatsApp-Image-2025-07-14-at-9.39.06-AM-768x340.jpeg 768w, https:\/\/donaciones.jesuitas.org.co\/wp-content\/uploads\/2025\/07\/WhatsApp-Image-2025-07-14-at-9.39.06-AM-1536x681.jpeg 1536w, https:\/\/donaciones.jesuitas.org.co\/wp-content\/uploads\/2025\/07\/WhatsApp-Image-2025-07-14-at-9.39.06-AM.jpeg 1600w\" sizes=\"auto, (max-width: 1024px) 100vw, 1024px\" \/><span aria-hidden=\"true\" class=\"wp-block-cover__background has-background-dim-100 has-background-dim wp-block-cover__gradient-background has-background-gradient has-secondary-gradient-gradient-background\"><\/span><div class=\"wp-block-cover__inner-container is-layout-constrained wp-container-core-cover-is-layout-edcd9cee wp-block-cover-is-layout-constrained\">\n<div class=\"wp-block-group is-layout-constrained wp-container-core-group-is-layout-345d74c0 wp-block-group-is-layout-constrained\">\n<h2 class=\"wp-block-heading has-text-align-left has-very-large-font-size\" style=\"margin-top:0;margin-right:0;margin-bottom:0;margin-left:0;padding-top:0;padding-right:0;padding-bottom:0;padding-left:0\">Danza Para La Paz <\/h2>\n\n\n\n<div class=\"wp-block-buttons fundifly-btn-lm is-layout-flex wp-block-buttons-is-layout-flex\">\n<div class=\"wp-block-button is-style-outline is-style-outline--4\"><a class=\"wp-block-button__link has-normal-font-size has-custom-font-size wp-element-button\" href=\"https:\/\/donaciones.jesuitas.org.co\/?p=4678\" style=\"border-radius:5px;padding-top:15px;padding-right:24px;padding-bottom:15px;padding-left:24px\">Leer m\u00e1s<\/a><\/div>\n<\/div>\n<\/div>\n<\/div><\/div>\n<\/div>\n<\/div>\n\n\n\n<div class=\"wp-block-column is-layout-flow wp-block-column-is-layout-flow\" style=\"flex-basis:33.33%\">\n<div class=\"wp-block-cover has-custom-content-position is-position-bottom-left fundifly-gallery-cover is-style-cover-hover-zoom-in\" style=\"border-radius:5px;padding-top:30px;padding-right:30px;padding-bottom:30px;padding-left:30px;min-height:705px;aspect-ratio:unset;\"><img loading=\"lazy\" decoding=\"async\" width=\"702\" height=\"933\" class=\"wp-block-cover__image-background wp-image-4584 size-full\" alt=\"\" src=\"https:\/\/donaciones.jesuitas.org.co\/wp-content\/uploads\/2025\/07\/Captura-de-pantalla-2025-07-01-144344.jpg\" data-object-fit=\"cover\" srcset=\"https:\/\/donaciones.jesuitas.org.co\/wp-content\/uploads\/2025\/07\/Captura-de-pantalla-2025-07-01-144344.jpg 702w, https:\/\/donaciones.jesuitas.org.co\/wp-content\/uploads\/2025\/07\/Captura-de-pantalla-2025-07-01-144344-226x300.jpg 226w\" sizes=\"auto, (max-width: 702px) 100vw, 702px\" \/><span aria-hidden=\"true\" class=\"wp-block-cover__background has-background-dim-100 has-background-dim wp-block-cover__gradient-background has-background-gradient has-secondary-gradient-gradient-background\"><\/span><div class=\"wp-block-cover__inner-container is-layout-constrained wp-container-core-cover-is-layout-1554d6b1 wp-block-cover-is-layout-constrained\">\n<div class=\"wp-block-group is-layout-constrained wp-container-core-group-is-layout-26a28323 wp-block-group-is-layout-constrained\">\n<h2 class=\"wp-block-heading has-text-align-left has-large-font-size\">Siembra de Esperanza<\/h2>\n\n\n\n<div class=\"wp-block-buttons is-layout-flex wp-block-buttons-is-layout-flex\">\n<div class=\"wp-block-button fundifly-btn-lm is-style-outline is-style-outline--5\"><a class=\"wp-block-button__link has-normal-font-size has-custom-font-size wp-element-button\" href=\"https:\/\/donaciones.jesuitas.org.co\/?p=4583\" style=\"border-radius:5px;padding-top:15px;padding-right:24px;padding-bottom:15px;padding-left:24px\">Leer m\u00e1s<\/a><\/div>\n<\/div>\n<\/div>\n<\/div><\/div>\n<\/div>\n<\/div>\n<\/div>\n<\/div>\n\n\n\n<div class=\"wp-block-buttons is-layout-flex wp-block-buttons-is-layout-flex\"><\/div>\n\n\n\n<p><\/p>\n","protected":false},"excerpt":{"rendered":"<p>Nuestros proyectos Con tu apoyo, fortalecemos las obras de la Compa\u00f1\u00eda de Jes\u00fas en Colombia \u2014centros sociales, pastorales y educativos conect\u00e1ndolas con los recursos, herramientas y conocimientos necesarios para seguir sirviendo a quienes m\u00e1s lo necesitan. Esta labor se inspira en nuestro Plan Apost\u00f3lico de Provincia, que nos llama a caminar con los excluidos, acompa\u00f1ar&#8230;<\/p>\n","protected":false},"author":1,"featured_media":0,"parent":0,"menu_order":0,"comment_status":"closed","ping_status":"closed","template":"","meta":{"footnotes":""},"class_list":["post-4507","page","type-page","status-publish","hentry"],"_links":{"self":[{"href":"https:\/\/donaciones.jesuitas.org.co\/index.php?rest_route=\/wp\/v2\/pages\/4507","targetHints":{"allow":["GET"]}}],"collection":[{"href":"https:\/\/donaciones.jesuitas.org.co\/index.php?rest_route=\/wp\/v2\/pages"}],"about":[{"href":"https:\/\/donaciones.jesuitas.org.co\/index.php?rest_route=\/wp\/v2\/types\/page"}],"author":[{"embeddable":true,"href":"https:\/\/donaciones.jesuitas.org.co\/index.php?rest_route=\/wp\/v2\/users\/1"}],"replies":[{"embeddable":true,"href":"https:\/\/donaciones.jesuitas.org.co\/index.php?rest_route=%2Fwp%2Fv2%2Fcomments&post=4507"}],"version-history":[{"count":53,"href":"https:\/\/donaciones.jesuitas.org.co\/index.php?rest_route=\/wp\/v2\/pages\/4507\/revisions"}],"predecessor-version":[{"id":5659,"href":"https:\/\/donaciones.jesuitas.org.co\/index.php?rest_route=\/wp\/v2\/pages\/4507\/revisions\/5659"}],"wp:attachment":[{"href":"https:\/\/donaciones.jesuitas.org.co\/index.php?rest_route=%2Fwp%2Fv2%2Fmedia&parent=4507"}],"curies":[{"name":"wp","href":"https:\/\/api.w.org\/{rel}","templated":true}]}}